{"id":546,"date":"2024-06-30T17:17:50","date_gmt":"2024-06-30T15:17:50","guid":{"rendered":"https:\/\/jida-cookies.com\/?post_type=product&#038;p=546"},"modified":"2025-10-17T09:34:27","modified_gmt":"2025-10-17T07:34:27","slug":"boite-de-5-cookies-big-1o0g-livraison-a-brest-jida-cookies","status":"publish","type":"product","link":"https:\/\/jida-cookies.com\/index.php\/produit\/boite-de-5-cookies-big-1o0g-livraison-a-brest-jida-cookies\/","title":{"rendered":"Big Box de 5 cookies"},"content":{"rendered":"\t\t<div data-elementor-type=\"wp-post\" data-elementor-id=\"546\" class=\"elementor elementor-546\">\n\t\t\t\t<div class=\"elementor-element elementor-element-1dc5ee51 e-flex e-con-boxed e-con e-parent\" data-id=\"1dc5ee51\" data-element_type=\"container\">\n\t\t\t\t\t<div class=\"e-con-inner\">\n\t\t\t\t<div class=\"elementor-element elementor-element-79698e26 elementor-widget elementor-widget-text-editor\" data-id=\"79698e26\" data-element_type=\"widget\" data-widget_type=\"text-editor.default\">\n\t\t\t\t<div class=\"elementor-widget-container\">\n\t\t\t\t\t\t\t\t\t<h3><strong>QUEEN\u2019S FAV&#8217;\u00a0<\/strong><\/h3><h5>Un cookie aux p\u00e9pites de chocolat au lait, des noisettes torr\u00e9fi\u00e9es croquantes et un c\u0153ur fondant \u00e0 la pur\u00e9e de noisettes et fleur de sel. Un \u00e9quilibre d\u2019onctuosit\u00e9.<\/h5><h3><strong>ROMA BABY?<\/strong><\/h3><h5>Un d\u00e9lice \u00e0 la pistache avec des p\u00e9pites de chocolat au lait, des pistaches croquantes et un c\u0153ur de pur\u00e9e de pistache, sublim\u00e9 par une pinc\u00e9e de fleur de sel.<\/h5><h3><strong>LOVE LOVERS<\/strong><\/h3><h5>Un red velvet somptueux avec des p\u00e9pites de chocolat au lait peu sucr\u00e9, un c\u0153ur de cream cheese cr\u00e9meux et une touche subtile de fleur de sel. Une v\u00e9ritable douceur en bouche.<\/h5><h3><b>SOUL HUG\u00a0<\/b><\/h3><h5>P\u00e9pites de chocolat noir savoureux, cacahu\u00e8tes torr\u00e9fi\u00e9es et un c\u0153ur de caramel beurre sal\u00e9, \u00e9quilibr\u00e9 par une touche de fleur de sel. Un d\u00e9lice qui craque sous la dent.<\/h5><h3><b>DEEP BLACK\u00a0<\/b><\/h3><h5>P\u00e9pites de chocolat au lait peu sucr\u00e9 &amp; un c\u0153ur cr\u00e9meux au beurre de cacahu\u00e8tes. Gourmandise absolue.<\/h5>\t\t\t\t\t\t\t\t<\/div>\n\t\t\t\t<\/div>\n\t\t\t\t\t<\/div>\n\t\t\t\t<\/div>\n\t\t\t\t<\/div>\n\t\t","protected":false},"excerpt":{"rendered":"<ul>\n<li>100 grammes par cookie<\/li>\n<li>P\u00e2tes \u00e0 cookies all\u00e9g\u00e9es en sucre<\/li>\n<li>Oeufs plein air<\/li>\n<li>Chocolat Barry<\/li>\n<li>100% Artisanal<\/li>\n<\/ul>\n","protected":false},"featured_media":882,"comment_status":"open","ping_status":"closed","template":"","meta":{"ocean_post_layout":"","ocean_both_sidebars_style":"","ocean_both_sidebars_content_width":0,"ocean_both_sidebars_sidebars_width":0,"ocean_sidebar":"0","ocean_second_sidebar":"0","ocean_disable_margins":"enable","ocean_add_body_class":"","ocean_shortcode_before_top_bar":"","ocean_shortcode_after_top_bar":"","ocean_shortcode_before_header":"","ocean_shortcode_after_header":"","ocean_has_shortcode":"","ocean_shortcode_after_title":"","ocean_shortcode_before_footer_widgets":"","ocean_shortcode_after_footer_widgets":"","ocean_shortcode_before_footer_bottom":"","ocean_shortcode_after_footer_bottom":"","ocean_display_top_bar":"default","ocean_display_header":"default","ocean_header_style":"","ocean_center_header_left_menu":"0","ocean_custom_header_template":"0","ocean_custom_logo":0,"ocean_custom_retina_logo":0,"ocean_custom_logo_max_width":0,"ocean_custom_logo_tablet_max_width":0,"ocean_custom_logo_mobile_max_width":0,"ocean_custom_logo_max_height":0,"ocean_custom_logo_tablet_max_height":0,"ocean_custom_logo_mobile_max_height":0,"ocean_header_custom_menu":"0","ocean_menu_typo_font_family":"0","ocean_menu_typo_font_subset":"","ocean_menu_typo_font_size":0,"ocean_menu_typo_font_size_tablet":0,"ocean_menu_typo_font_size_mobile":0,"ocean_menu_typo_font_size_unit":"px","ocean_menu_typo_font_weight":"","ocean_menu_typo_font_weight_tablet":"","ocean_menu_typo_font_weight_mobile":"","ocean_menu_typo_transform":"","ocean_menu_typo_transform_tablet":"","ocean_menu_typo_transform_mobile":"","ocean_menu_typo_line_height":0,"ocean_menu_typo_line_height_tablet":0,"ocean_menu_typo_line_height_mobile":0,"ocean_menu_typo_line_height_unit":"","ocean_menu_typo_spacing":0,"ocean_menu_typo_spacing_tablet":0,"ocean_menu_typo_spacing_mobile":0,"ocean_menu_typo_spacing_unit":"","ocean_menu_link_color":"","ocean_menu_link_color_hover":"","ocean_menu_link_color_active":"","ocean_menu_link_background":"","ocean_menu_link_hover_background":"","ocean_menu_link_active_background":"","ocean_menu_social_links_bg":"","ocean_menu_social_hover_links_bg":"","ocean_menu_social_links_color":"","ocean_menu_social_hover_links_color":"","ocean_disable_title":"default","ocean_disable_heading":"default","ocean_post_title":"","ocean_post_subheading":"","ocean_post_title_style":"","ocean_post_title_background_color":"","ocean_post_title_background":0,"ocean_post_title_bg_image_position":"","ocean_post_title_bg_image_attachment":"","ocean_post_title_bg_image_repeat":"","ocean_post_title_bg_image_size":"","ocean_post_title_height":0,"ocean_post_title_bg_overlay":0.5,"ocean_post_title_bg_overlay_color":"","ocean_disable_breadcrumbs":"default","ocean_breadcrumbs_color":"","ocean_breadcrumbs_separator_color":"","ocean_breadcrumbs_links_color":"","ocean_breadcrumbs_links_hover_color":"","ocean_display_footer_widgets":"default","ocean_display_footer_bottom":"default","ocean_custom_footer_template":"0"},"product_brand":[],"product_cat":[21],"product_tag":[],"class_list":{"0":"post-546","1":"product","2":"type-product","3":"status-publish","4":"has-post-thumbnail","6":"product_cat-box-de-new-york-cookie","8":"entry","9":"has-media","11":"first","12":"outofstock","13":"shipping-taxable","14":"purchasable","15":"product-type-simple","16":"has-rating","17":"has-product-nav","18":"col","19":"span_1_of_4","20":"owp-content-center","21":"owp-thumbs-layout-horizontal","22":"owp-btn-big","23":"owp-tabs-layout-horizontal"},"yoast_head":"<!-- This site is optimized with the Yoast SEO plugin v26.5 - https:\/\/yoast.com\/wordpress\/plugins\/seo\/ -->\n<title>JIDA | Big box de 5 cookies artisanaux<\/title>\n<meta name=\"description\" content=\"Savourez nos d\u00e9licieux cookies de 100g, livr\u00e9s directement \u00e0 votre porte \u00e0 Brest. Commandez votre bo\u00eete de 5 cookies maintenant chez Jida cookies.\" \/>\n<meta name=\"robots\" content=\"index, follow, max-snippet:-1, max-image-preview:large, max-video-preview:-1\" \/>\n<link rel=\"canonical\" href=\"https:\/\/jida-cookies.com\/index.php\/produit\/boite-de-5-cookies-big-1o0g-livraison-a-brest-jida-cookies\/\" \/>\n<meta property=\"og:locale\" content=\"en_US\" \/>\n<meta property=\"og:type\" content=\"article\" \/>\n<meta property=\"og:title\" content=\"JIDA | Big box de 5 cookies artisanaux\" \/>\n<meta property=\"og:description\" content=\"Savourez nos d\u00e9licieux cookies de 100g, livr\u00e9s directement \u00e0 votre porte \u00e0 Brest. Commandez votre bo\u00eete de 5 cookies maintenant chez Jida cookies.\" \/>\n<meta property=\"og:url\" content=\"https:\/\/jida-cookies.com\/index.php\/produit\/boite-de-5-cookies-big-1o0g-livraison-a-brest-jida-cookies\/\" \/>\n<meta property=\"og:site_name\" content=\"JIDA\" \/>\n<meta property=\"article:publisher\" content=\"https:\/\/www.facebook.com\/people\/Jida\/61562004391673\/\" \/>\n<meta property=\"article:modified_time\" content=\"2025-10-17T07:34:27+00:00\" \/>\n<meta property=\"og:image\" content=\"https:\/\/i0.wp.com\/jida-cookies.com\/wp-content\/uploads\/2024\/06\/5-saveurs-jida-cookies-scaled.jpg?fit=1920%2C2560&ssl=1\" \/>\n\t<meta property=\"og:image:width\" content=\"1920\" \/>\n\t<meta property=\"og:image:height\" content=\"2560\" \/>\n\t<meta property=\"og:image:type\" content=\"image\/jpeg\" \/>\n<meta name=\"twitter:card\" content=\"summary_large_image\" \/>\n<meta name=\"twitter:label1\" content=\"Est. reading time\" \/>\n\t<meta name=\"twitter:data1\" content=\"1 minute\" \/>\n<script type=\"application\/ld+json\" class=\"yoast-schema-graph\">{\"@context\":\"https:\/\/schema.org\",\"@graph\":[{\"@type\":\"WebPage\",\"@id\":\"https:\/\/jida-cookies.com\/index.php\/produit\/boite-de-5-cookies-big-1o0g-livraison-a-brest-jida-cookies\/\",\"url\":\"https:\/\/jida-cookies.com\/index.php\/produit\/boite-de-5-cookies-big-1o0g-livraison-a-brest-jida-cookies\/\",\"name\":\"JIDA | Big box de 5 cookies artisanaux\",\"isPartOf\":{\"@id\":\"https:\/\/jida-cookies.com\/#website\"},\"primaryImageOfPage\":{\"@id\":\"https:\/\/jida-cookies.com\/index.php\/produit\/boite-de-5-cookies-big-1o0g-livraison-a-brest-jida-cookies\/#primaryimage\"},\"image\":{\"@id\":\"https:\/\/jida-cookies.com\/index.php\/produit\/boite-de-5-cookies-big-1o0g-livraison-a-brest-jida-cookies\/#primaryimage\"},\"thumbnailUrl\":\"https:\/\/i0.wp.com\/jida-cookies.com\/wp-content\/uploads\/2024\/06\/5-saveurs-jida-cookies-scaled.jpg?fit=1920%2C2560&ssl=1\",\"datePublished\":\"2024-06-30T15:17:50+00:00\",\"dateModified\":\"2025-10-17T07:34:27+00:00\",\"description\":\"Savourez nos d\u00e9licieux cookies de 100g, livr\u00e9s directement \u00e0 votre porte \u00e0 Brest. Commandez votre bo\u00eete de 5 cookies maintenant chez Jida cookies.\",\"breadcrumb\":{\"@id\":\"https:\/\/jida-cookies.com\/index.php\/produit\/boite-de-5-cookies-big-1o0g-livraison-a-brest-jida-cookies\/#breadcrumb\"},\"inLanguage\":\"en-US\",\"potentialAction\":[{\"@type\":\"ReadAction\",\"target\":[\"https:\/\/jida-cookies.com\/index.php\/produit\/boite-de-5-cookies-big-1o0g-livraison-a-brest-jida-cookies\/\"]}]},{\"@type\":\"ImageObject\",\"inLanguage\":\"en-US\",\"@id\":\"https:\/\/jida-cookies.com\/index.php\/produit\/boite-de-5-cookies-big-1o0g-livraison-a-brest-jida-cookies\/#primaryimage\",\"url\":\"https:\/\/i0.wp.com\/jida-cookies.com\/wp-content\/uploads\/2024\/06\/5-saveurs-jida-cookies-scaled.jpg?fit=1920%2C2560&ssl=1\",\"contentUrl\":\"https:\/\/i0.wp.com\/jida-cookies.com\/wp-content\/uploads\/2024\/06\/5-saveurs-jida-cookies-scaled.jpg?fit=1920%2C2560&ssl=1\",\"width\":1920,\"height\":2560,\"caption\":\"Box 5 saveurs cookies Jida cookies brest\"},{\"@type\":\"BreadcrumbList\",\"@id\":\"https:\/\/jida-cookies.com\/index.php\/produit\/boite-de-5-cookies-big-1o0g-livraison-a-brest-jida-cookies\/#breadcrumb\",\"itemListElement\":[{\"@type\":\"ListItem\",\"position\":1,\"name\":\"Accueil\",\"item\":\"https:\/\/jida-cookies.com\/\"},{\"@type\":\"ListItem\",\"position\":2,\"name\":\"Boutique\",\"item\":\"https:\/\/jida-cookies.com\/index.php\/acheter-new-york-cookies-en-ligne-cookies-brest\/\"},{\"@type\":\"ListItem\",\"position\":3,\"name\":\"Big Box de 5 cookies\"}]},{\"@type\":\"WebSite\",\"@id\":\"https:\/\/jida-cookies.com\/#website\",\"url\":\"https:\/\/jida-cookies.com\/\",\"name\":\"JIDA\",\"description\":\"\",\"publisher\":{\"@id\":\"https:\/\/jida-cookies.com\/#organization\"},\"potentialAction\":[{\"@type\":\"SearchAction\",\"target\":{\"@type\":\"EntryPoint\",\"urlTemplate\":\"https:\/\/jida-cookies.com\/?s={search_term_string}\"},\"query-input\":{\"@type\":\"PropertyValueSpecification\",\"valueRequired\":true,\"valueName\":\"search_term_string\"}}],\"inLanguage\":\"en-US\"},{\"@type\":\"Organization\",\"@id\":\"https:\/\/jida-cookies.com\/#organization\",\"name\":\"JIDA\",\"url\":\"https:\/\/jida-cookies.com\/\",\"logo\":{\"@type\":\"ImageObject\",\"inLanguage\":\"en-US\",\"@id\":\"https:\/\/jida-cookies.com\/#\/schema\/logo\/image\/\",\"url\":\"https:\/\/i0.wp.com\/jida-cookies.com\/wp-content\/uploads\/2024\/07\/cropped-Jida_principal-fond-fonce-111-png-248.png?fit=166%2C219&ssl=1\",\"contentUrl\":\"https:\/\/i0.wp.com\/jida-cookies.com\/wp-content\/uploads\/2024\/07\/cropped-Jida_principal-fond-fonce-111-png-248.png?fit=166%2C219&ssl=1\",\"width\":166,\"height\":219,\"caption\":\"JIDA\"},\"image\":{\"@id\":\"https:\/\/jida-cookies.com\/#\/schema\/logo\/image\/\"},\"sameAs\":[\"https:\/\/www.facebook.com\/people\/Jida\/61562004391673\/\",\"https:\/\/www.instagram.com\/jida_cookies_brest?igsh=cjB1eGFkM3hxZTR0\"]}]}<\/script>\n<!-- \/ Yoast SEO plugin. -->","yoast_head_json":{"title":"JIDA | Big box de 5 cookies artisanaux","description":"Savourez nos d\u00e9licieux cookies de 100g, livr\u00e9s directement \u00e0 votre porte \u00e0 Brest. Commandez votre bo\u00eete de 5 cookies maintenant chez Jida cookies.","robots":{"index":"index","follow":"follow","max-snippet":"max-snippet:-1","max-image-preview":"max-image-preview:large","max-video-preview":"max-video-preview:-1"},"canonical":"https:\/\/jida-cookies.com\/index.php\/produit\/boite-de-5-cookies-big-1o0g-livraison-a-brest-jida-cookies\/","og_locale":"en_US","og_type":"article","og_title":"JIDA | Big box de 5 cookies artisanaux","og_description":"Savourez nos d\u00e9licieux cookies de 100g, livr\u00e9s directement \u00e0 votre porte \u00e0 Brest. Commandez votre bo\u00eete de 5 cookies maintenant chez Jida cookies.","og_url":"https:\/\/jida-cookies.com\/index.php\/produit\/boite-de-5-cookies-big-1o0g-livraison-a-brest-jida-cookies\/","og_site_name":"JIDA","article_publisher":"https:\/\/www.facebook.com\/people\/Jida\/61562004391673\/","article_modified_time":"2025-10-17T07:34:27+00:00","og_image":[{"width":1920,"height":2560,"url":"https:\/\/i0.wp.com\/jida-cookies.com\/wp-content\/uploads\/2024\/06\/5-saveurs-jida-cookies-scaled.jpg?fit=1920%2C2560&ssl=1","type":"image\/jpeg"}],"twitter_card":"summary_large_image","twitter_misc":{"Est. reading time":"1 minute"},"schema":{"@context":"https:\/\/schema.org","@graph":[{"@type":"WebPage","@id":"https:\/\/jida-cookies.com\/index.php\/produit\/boite-de-5-cookies-big-1o0g-livraison-a-brest-jida-cookies\/","url":"https:\/\/jida-cookies.com\/index.php\/produit\/boite-de-5-cookies-big-1o0g-livraison-a-brest-jida-cookies\/","name":"JIDA | Big box de 5 cookies artisanaux","isPartOf":{"@id":"https:\/\/jida-cookies.com\/#website"},"primaryImageOfPage":{"@id":"https:\/\/jida-cookies.com\/index.php\/produit\/boite-de-5-cookies-big-1o0g-livraison-a-brest-jida-cookies\/#primaryimage"},"image":{"@id":"https:\/\/jida-cookies.com\/index.php\/produit\/boite-de-5-cookies-big-1o0g-livraison-a-brest-jida-cookies\/#primaryimage"},"thumbnailUrl":"https:\/\/i0.wp.com\/jida-cookies.com\/wp-content\/uploads\/2024\/06\/5-saveurs-jida-cookies-scaled.jpg?fit=1920%2C2560&ssl=1","datePublished":"2024-06-30T15:17:50+00:00","dateModified":"2025-10-17T07:34:27+00:00","description":"Savourez nos d\u00e9licieux cookies de 100g, livr\u00e9s directement \u00e0 votre porte \u00e0 Brest. Commandez votre bo\u00eete de 5 cookies maintenant chez Jida cookies.","breadcrumb":{"@id":"https:\/\/jida-cookies.com\/index.php\/produit\/boite-de-5-cookies-big-1o0g-livraison-a-brest-jida-cookies\/#breadcrumb"},"inLanguage":"en-US","potentialAction":[{"@type":"ReadAction","target":["https:\/\/jida-cookies.com\/index.php\/produit\/boite-de-5-cookies-big-1o0g-livraison-a-brest-jida-cookies\/"]}]},{"@type":"ImageObject","inLanguage":"en-US","@id":"https:\/\/jida-cookies.com\/index.php\/produit\/boite-de-5-cookies-big-1o0g-livraison-a-brest-jida-cookies\/#primaryimage","url":"https:\/\/i0.wp.com\/jida-cookies.com\/wp-content\/uploads\/2024\/06\/5-saveurs-jida-cookies-scaled.jpg?fit=1920%2C2560&ssl=1","contentUrl":"https:\/\/i0.wp.com\/jida-cookies.com\/wp-content\/uploads\/2024\/06\/5-saveurs-jida-cookies-scaled.jpg?fit=1920%2C2560&ssl=1","width":1920,"height":2560,"caption":"Box 5 saveurs cookies Jida cookies brest"},{"@type":"BreadcrumbList","@id":"https:\/\/jida-cookies.com\/index.php\/produit\/boite-de-5-cookies-big-1o0g-livraison-a-brest-jida-cookies\/#breadcrumb","itemListElement":[{"@type":"ListItem","position":1,"name":"Accueil","item":"https:\/\/jida-cookies.com\/"},{"@type":"ListItem","position":2,"name":"Boutique","item":"https:\/\/jida-cookies.com\/index.php\/acheter-new-york-cookies-en-ligne-cookies-brest\/"},{"@type":"ListItem","position":3,"name":"Big Box de 5 cookies"}]},{"@type":"WebSite","@id":"https:\/\/jida-cookies.com\/#website","url":"https:\/\/jida-cookies.com\/","name":"JIDA","description":"","publisher":{"@id":"https:\/\/jida-cookies.com\/#organization"},"potentialAction":[{"@type":"SearchAction","target":{"@type":"EntryPoint","urlTemplate":"https:\/\/jida-cookies.com\/?s={search_term_string}"},"query-input":{"@type":"PropertyValueSpecification","valueRequired":true,"valueName":"search_term_string"}}],"inLanguage":"en-US"},{"@type":"Organization","@id":"https:\/\/jida-cookies.com\/#organization","name":"JIDA","url":"https:\/\/jida-cookies.com\/","logo":{"@type":"ImageObject","inLanguage":"en-US","@id":"https:\/\/jida-cookies.com\/#\/schema\/logo\/image\/","url":"https:\/\/i0.wp.com\/jida-cookies.com\/wp-content\/uploads\/2024\/07\/cropped-Jida_principal-fond-fonce-111-png-248.png?fit=166%2C219&ssl=1","contentUrl":"https:\/\/i0.wp.com\/jida-cookies.com\/wp-content\/uploads\/2024\/07\/cropped-Jida_principal-fond-fonce-111-png-248.png?fit=166%2C219&ssl=1","width":166,"height":219,"caption":"JIDA"},"image":{"@id":"https:\/\/jida-cookies.com\/#\/schema\/logo\/image\/"},"sameAs":["https:\/\/www.facebook.com\/people\/Jida\/61562004391673\/","https:\/\/www.instagram.com\/jida_cookies_brest?igsh=cjB1eGFkM3hxZTR0"]}]}},"jetpack_sharing_enabled":true,"_links":{"self":[{"href":"https:\/\/jida-cookies.com\/index.php\/wp-json\/wp\/v2\/product\/546","targetHints":{"allow":["GET"]}}],"collection":[{"href":"https:\/\/jida-cookies.com\/index.php\/wp-json\/wp\/v2\/product"}],"about":[{"href":"https:\/\/jida-cookies.com\/index.php\/wp-json\/wp\/v2\/types\/product"}],"replies":[{"embeddable":true,"href":"https:\/\/jida-cookies.com\/index.php\/wp-json\/wp\/v2\/comments?post=546"}],"version-history":[{"count":21,"href":"https:\/\/jida-cookies.com\/index.php\/wp-json\/wp\/v2\/product\/546\/revisions"}],"predecessor-version":[{"id":1781,"href":"https:\/\/jida-cookies.com\/index.php\/wp-json\/wp\/v2\/product\/546\/revisions\/1781"}],"wp:featuredmedia":[{"embeddable":true,"href":"https:\/\/jida-cookies.com\/index.php\/wp-json\/wp\/v2\/media\/882"}],"wp:attachment":[{"href":"https:\/\/jida-cookies.com\/index.php\/wp-json\/wp\/v2\/media?parent=546"}],"wp:term":[{"taxonomy":"product_brand","embeddable":true,"href":"https:\/\/jida-cookies.com\/index.php\/wp-json\/wp\/v2\/product_brand?post=546"},{"taxonomy":"product_cat","embeddable":true,"href":"https:\/\/jida-cookies.com\/index.php\/wp-json\/wp\/v2\/product_cat?post=546"},{"taxonomy":"product_tag","embeddable":true,"href":"https:\/\/jida-cookies.com\/index.php\/wp-json\/wp\/v2\/product_tag?post=546"}],"curies":[{"name":"wp","href":"https:\/\/api.w.org\/{rel}","templated":true}]}}