{"id":1390,"date":"2024-10-08T17:20:13","date_gmt":"2024-10-08T15:20:13","guid":{"rendered":"https:\/\/jida-cookies.com\/?post_type=product&#038;p=1390"},"modified":"2025-04-21T16:47:22","modified_gmt":"2025-04-21T14:47:22","slug":"cookies-cream-cheese-chocolat-au-lait-brest-livraison","status":"publish","type":"product","link":"https:\/\/jida-cookies.com\/index.php\/produit\/cookies-cream-cheese-chocolat-au-lait-brest-livraison\/","title":{"rendered":"Love Lovers"},"content":{"rendered":"<ul>\n<li>100 grammes par cookie<\/li>\n<li>P\u00e2tes \u00e0 cookies all\u00e9g\u00e9es en sucre<\/li>\n<li>Oeufs plein air<\/li>\n<li>Chocolat Barry<\/li>\n<li>100% Artisanal<\/li>\n<\/ul>\n","protected":false},"excerpt":{"rendered":"<p>Un red velvet somptueux avec des p\u00e9pites de chocolat au lait peu sucr\u00e9, un c\u0153ur de cream cheese cr\u00e9meux et une touche subtile de fleur de sel. Une v\u00e9ritable douceur en bouche.<\/p>\n","protected":false},"featured_media":870,"comment_status":"open","ping_status":"closed","template":"","meta":{"ocean_post_layout":"","ocean_both_sidebars_style":"","ocean_both_sidebars_content_width":0,"ocean_both_sidebars_sidebars_width":0,"ocean_sidebar":"0","ocean_second_sidebar":"0","ocean_disable_margins":"enable","ocean_add_body_class":"","ocean_shortcode_before_top_bar":"","ocean_shortcode_after_top_bar":"","ocean_shortcode_before_header":"","ocean_shortcode_after_header":"","ocean_has_shortcode":"","ocean_shortcode_after_title":"","ocean_shortcode_before_footer_widgets":"","ocean_shortcode_after_footer_widgets":"","ocean_shortcode_before_footer_bottom":"","ocean_shortcode_after_footer_bottom":"","ocean_display_top_bar":"default","ocean_display_header":"default","ocean_header_style":"","ocean_center_header_left_menu":"0","ocean_custom_header_template":"0","ocean_custom_logo":0,"ocean_custom_retina_logo":0,"ocean_custom_logo_max_width":0,"ocean_custom_logo_tablet_max_width":0,"ocean_custom_logo_mobile_max_width":0,"ocean_custom_logo_max_height":0,"ocean_custom_logo_tablet_max_height":0,"ocean_custom_logo_mobile_max_height":0,"ocean_header_custom_menu":"0","ocean_menu_typo_font_family":"0","ocean_menu_typo_font_subset":"","ocean_menu_typo_font_size":0,"ocean_menu_typo_font_size_tablet":0,"ocean_menu_typo_font_size_mobile":0,"ocean_menu_typo_font_size_unit":"px","ocean_menu_typo_font_weight":"","ocean_menu_typo_font_weight_tablet":"","ocean_menu_typo_font_weight_mobile":"","ocean_menu_typo_transform":"","ocean_menu_typo_transform_tablet":"","ocean_menu_typo_transform_mobile":"","ocean_menu_typo_line_height":0,"ocean_menu_typo_line_height_tablet":0,"ocean_menu_typo_line_height_mobile":0,"ocean_menu_typo_line_height_unit":"","ocean_menu_typo_spacing":0,"ocean_menu_typo_spacing_tablet":0,"ocean_menu_typo_spacing_mobile":0,"ocean_menu_typo_spacing_unit":"","ocean_menu_link_color":"","ocean_menu_link_color_hover":"","ocean_menu_link_color_active":"","ocean_menu_link_background":"","ocean_menu_link_hover_background":"","ocean_menu_link_active_background":"","ocean_menu_social_links_bg":"","ocean_menu_social_hover_links_bg":"","ocean_menu_social_links_color":"","ocean_menu_social_hover_links_color":"","ocean_disable_title":"default","ocean_disable_heading":"default","ocean_post_title":"","ocean_post_subheading":"","ocean_post_title_style":"","ocean_post_title_background_color":"","ocean_post_title_background":0,"ocean_post_title_bg_image_position":"","ocean_post_title_bg_image_attachment":"","ocean_post_title_bg_image_repeat":"","ocean_post_title_bg_image_size":"","ocean_post_title_height":0,"ocean_post_title_bg_overlay":0.5,"ocean_post_title_bg_overlay_color":"","ocean_disable_breadcrumbs":"default","ocean_breadcrumbs_color":"","ocean_breadcrumbs_separator_color":"","ocean_breadcrumbs_links_color":"","ocean_breadcrumbs_links_hover_color":"","ocean_display_footer_widgets":"default","ocean_display_footer_bottom":"default","ocean_custom_footer_template":"0"},"product_brand":[],"product_cat":[18],"product_tag":[],"class_list":{"0":"post-1390","1":"product","2":"type-product","3":"status-publish","4":"has-post-thumbnail","6":"product_cat-non-classe","8":"entry","9":"has-media","11":"first","12":"outofstock","13":"shipping-taxable","14":"purchasable","15":"product-type-simple","16":"has-product-nav","17":"col","18":"span_1_of_4","19":"owp-content-center","20":"owp-thumbs-layout-horizontal","21":"owp-btn-big","22":"owp-tabs-layout-horizontal","23":"has-no-thumbnails"},"yoast_head":"<!-- This site is optimized with the Yoast SEO plugin v26.5 - https:\/\/yoast.com\/wordpress\/plugins\/seo\/ -->\n<title>JIDA | Cookie Red Velvet<\/title>\n<meta name=\"description\" content=\"D\u00e9couvrez nos d\u00e9licieux cookies cream cheese au chocolat au lait en livraison \u00e0 Brest par JIDA Cookies. Une gourmandise cr\u00e9meuse \u00e0 savourer !\" \/>\n<meta name=\"robots\" content=\"index, follow, max-snippet:-1, max-image-preview:large, max-video-preview:-1\" \/>\n<link rel=\"canonical\" href=\"https:\/\/jida-cookies.com\/index.php\/produit\/cookies-cream-cheese-chocolat-au-lait-brest-livraison\/\" \/>\n<meta property=\"og:locale\" content=\"en_US\" \/>\n<meta property=\"og:type\" content=\"article\" \/>\n<meta property=\"og:title\" content=\"JIDA | Cookie Red Velvet\" \/>\n<meta property=\"og:description\" content=\"D\u00e9couvrez nos d\u00e9licieux cookies cream cheese au chocolat au lait en livraison \u00e0 Brest par JIDA Cookies. Une gourmandise cr\u00e9meuse \u00e0 savourer !\" \/>\n<meta property=\"og:url\" content=\"https:\/\/jida-cookies.com\/index.php\/produit\/cookies-cream-cheese-chocolat-au-lait-brest-livraison\/\" \/>\n<meta property=\"og:site_name\" content=\"JIDA\" \/>\n<meta property=\"article:publisher\" content=\"https:\/\/www.facebook.com\/people\/Jida\/61562004391673\/\" \/>\n<meta property=\"article:modified_time\" content=\"2025-04-21T14:47:22+00:00\" \/>\n<meta property=\"og:image\" content=\"http:\/\/jida-cookies.com\/wp-content\/uploads\/2024\/06\/red-velvet-chocolat-au-lat-coeur-cream-cheese-scaled.jpg\" \/>\n\t<meta property=\"og:image:width\" content=\"1920\" \/>\n\t<meta property=\"og:image:height\" content=\"2560\" \/>\n\t<meta property=\"og:image:type\" content=\"image\/jpeg\" \/>\n<meta name=\"twitter:card\" content=\"summary_large_image\" \/>\n<meta name=\"twitter:label1\" content=\"Est. reading time\" \/>\n\t<meta name=\"twitter:data1\" content=\"1 minute\" \/>\n<script type=\"application\/ld+json\" class=\"yoast-schema-graph\">{\"@context\":\"https:\/\/schema.org\",\"@graph\":[{\"@type\":\"WebPage\",\"@id\":\"https:\/\/jida-cookies.com\/index.php\/produit\/cookies-cream-cheese-chocolat-au-lait-brest-livraison\/\",\"url\":\"https:\/\/jida-cookies.com\/index.php\/produit\/cookies-cream-cheese-chocolat-au-lait-brest-livraison\/\",\"name\":\"JIDA | Cookie Red Velvet\",\"isPartOf\":{\"@id\":\"https:\/\/jida-cookies.com\/#website\"},\"primaryImageOfPage\":{\"@id\":\"https:\/\/jida-cookies.com\/index.php\/produit\/cookies-cream-cheese-chocolat-au-lait-brest-livraison\/#primaryimage\"},\"image\":{\"@id\":\"https:\/\/jida-cookies.com\/index.php\/produit\/cookies-cream-cheese-chocolat-au-lait-brest-livraison\/#primaryimage\"},\"thumbnailUrl\":\"https:\/\/i0.wp.com\/jida-cookies.com\/wp-content\/uploads\/2024\/06\/red-velvet-chocolat-au-lat-coeur-cream-cheese-scaled.jpg?fit=1920%2C2560&ssl=1\",\"datePublished\":\"2024-10-08T15:20:13+00:00\",\"dateModified\":\"2025-04-21T14:47:22+00:00\",\"description\":\"D\u00e9couvrez nos d\u00e9licieux cookies cream cheese au chocolat au lait en livraison \u00e0 Brest par JIDA Cookies. Une gourmandise cr\u00e9meuse \u00e0 savourer !\",\"breadcrumb\":{\"@id\":\"https:\/\/jida-cookies.com\/index.php\/produit\/cookies-cream-cheese-chocolat-au-lait-brest-livraison\/#breadcrumb\"},\"inLanguage\":\"en-US\",\"potentialAction\":[{\"@type\":\"ReadAction\",\"target\":[\"https:\/\/jida-cookies.com\/index.php\/produit\/cookies-cream-cheese-chocolat-au-lait-brest-livraison\/\"]}]},{\"@type\":\"ImageObject\",\"inLanguage\":\"en-US\",\"@id\":\"https:\/\/jida-cookies.com\/index.php\/produit\/cookies-cream-cheese-chocolat-au-lait-brest-livraison\/#primaryimage\",\"url\":\"https:\/\/i0.wp.com\/jida-cookies.com\/wp-content\/uploads\/2024\/06\/red-velvet-chocolat-au-lat-coeur-cream-cheese-scaled.jpg?fit=1920%2C2560&ssl=1\",\"contentUrl\":\"https:\/\/i0.wp.com\/jida-cookies.com\/wp-content\/uploads\/2024\/06\/red-velvet-chocolat-au-lat-coeur-cream-cheese-scaled.jpg?fit=1920%2C2560&ssl=1\",\"width\":1920,\"height\":2560,\"caption\":\"JIDA- cookies cookie cream cheese chocolat au lait\"},{\"@type\":\"BreadcrumbList\",\"@id\":\"https:\/\/jida-cookies.com\/index.php\/produit\/cookies-cream-cheese-chocolat-au-lait-brest-livraison\/#breadcrumb\",\"itemListElement\":[{\"@type\":\"ListItem\",\"position\":1,\"name\":\"Accueil\",\"item\":\"https:\/\/jida-cookies.com\/\"},{\"@type\":\"ListItem\",\"position\":2,\"name\":\"Boutique\",\"item\":\"https:\/\/jida-cookies.com\/index.php\/acheter-new-york-cookies-en-ligne-cookies-brest\/\"},{\"@type\":\"ListItem\",\"position\":3,\"name\":\"Love Lovers\"}]},{\"@type\":\"WebSite\",\"@id\":\"https:\/\/jida-cookies.com\/#website\",\"url\":\"https:\/\/jida-cookies.com\/\",\"name\":\"JIDA\",\"description\":\"\",\"publisher\":{\"@id\":\"https:\/\/jida-cookies.com\/#organization\"},\"potentialAction\":[{\"@type\":\"SearchAction\",\"target\":{\"@type\":\"EntryPoint\",\"urlTemplate\":\"https:\/\/jida-cookies.com\/?s={search_term_string}\"},\"query-input\":{\"@type\":\"PropertyValueSpecification\",\"valueRequired\":true,\"valueName\":\"search_term_string\"}}],\"inLanguage\":\"en-US\"},{\"@type\":\"Organization\",\"@id\":\"https:\/\/jida-cookies.com\/#organization\",\"name\":\"JIDA\",\"url\":\"https:\/\/jida-cookies.com\/\",\"logo\":{\"@type\":\"ImageObject\",\"inLanguage\":\"en-US\",\"@id\":\"https:\/\/jida-cookies.com\/#\/schema\/logo\/image\/\",\"url\":\"https:\/\/i0.wp.com\/jida-cookies.com\/wp-content\/uploads\/2024\/07\/cropped-Jida_principal-fond-fonce-111-png-248.png?fit=166%2C219&ssl=1\",\"contentUrl\":\"https:\/\/i0.wp.com\/jida-cookies.com\/wp-content\/uploads\/2024\/07\/cropped-Jida_principal-fond-fonce-111-png-248.png?fit=166%2C219&ssl=1\",\"width\":166,\"height\":219,\"caption\":\"JIDA\"},\"image\":{\"@id\":\"https:\/\/jida-cookies.com\/#\/schema\/logo\/image\/\"},\"sameAs\":[\"https:\/\/www.facebook.com\/people\/Jida\/61562004391673\/\",\"https:\/\/www.instagram.com\/jida_cookies_brest?igsh=cjB1eGFkM3hxZTR0\"]}]}<\/script>\n<!-- \/ Yoast SEO plugin. -->","yoast_head_json":{"title":"JIDA | Cookie Red Velvet","description":"D\u00e9couvrez nos d\u00e9licieux cookies cream cheese au chocolat au lait en livraison \u00e0 Brest par JIDA Cookies. Une gourmandise cr\u00e9meuse \u00e0 savourer !","robots":{"index":"index","follow":"follow","max-snippet":"max-snippet:-1","max-image-preview":"max-image-preview:large","max-video-preview":"max-video-preview:-1"},"canonical":"https:\/\/jida-cookies.com\/index.php\/produit\/cookies-cream-cheese-chocolat-au-lait-brest-livraison\/","og_locale":"en_US","og_type":"article","og_title":"JIDA | Cookie Red Velvet","og_description":"D\u00e9couvrez nos d\u00e9licieux cookies cream cheese au chocolat au lait en livraison \u00e0 Brest par JIDA Cookies. Une gourmandise cr\u00e9meuse \u00e0 savourer !","og_url":"https:\/\/jida-cookies.com\/index.php\/produit\/cookies-cream-cheese-chocolat-au-lait-brest-livraison\/","og_site_name":"JIDA","article_publisher":"https:\/\/www.facebook.com\/people\/Jida\/61562004391673\/","article_modified_time":"2025-04-21T14:47:22+00:00","og_image":[{"width":1920,"height":2560,"url":"http:\/\/jida-cookies.com\/wp-content\/uploads\/2024\/06\/red-velvet-chocolat-au-lat-coeur-cream-cheese-scaled.jpg","type":"image\/jpeg"}],"twitter_card":"summary_large_image","twitter_misc":{"Est. reading time":"1 minute"},"schema":{"@context":"https:\/\/schema.org","@graph":[{"@type":"WebPage","@id":"https:\/\/jida-cookies.com\/index.php\/produit\/cookies-cream-cheese-chocolat-au-lait-brest-livraison\/","url":"https:\/\/jida-cookies.com\/index.php\/produit\/cookies-cream-cheese-chocolat-au-lait-brest-livraison\/","name":"JIDA | Cookie Red Velvet","isPartOf":{"@id":"https:\/\/jida-cookies.com\/#website"},"primaryImageOfPage":{"@id":"https:\/\/jida-cookies.com\/index.php\/produit\/cookies-cream-cheese-chocolat-au-lait-brest-livraison\/#primaryimage"},"image":{"@id":"https:\/\/jida-cookies.com\/index.php\/produit\/cookies-cream-cheese-chocolat-au-lait-brest-livraison\/#primaryimage"},"thumbnailUrl":"https:\/\/i0.wp.com\/jida-cookies.com\/wp-content\/uploads\/2024\/06\/red-velvet-chocolat-au-lat-coeur-cream-cheese-scaled.jpg?fit=1920%2C2560&ssl=1","datePublished":"2024-10-08T15:20:13+00:00","dateModified":"2025-04-21T14:47:22+00:00","description":"D\u00e9couvrez nos d\u00e9licieux cookies cream cheese au chocolat au lait en livraison \u00e0 Brest par JIDA Cookies. Une gourmandise cr\u00e9meuse \u00e0 savourer !","breadcrumb":{"@id":"https:\/\/jida-cookies.com\/index.php\/produit\/cookies-cream-cheese-chocolat-au-lait-brest-livraison\/#breadcrumb"},"inLanguage":"en-US","potentialAction":[{"@type":"ReadAction","target":["https:\/\/jida-cookies.com\/index.php\/produit\/cookies-cream-cheese-chocolat-au-lait-brest-livraison\/"]}]},{"@type":"ImageObject","inLanguage":"en-US","@id":"https:\/\/jida-cookies.com\/index.php\/produit\/cookies-cream-cheese-chocolat-au-lait-brest-livraison\/#primaryimage","url":"https:\/\/i0.wp.com\/jida-cookies.com\/wp-content\/uploads\/2024\/06\/red-velvet-chocolat-au-lat-coeur-cream-cheese-scaled.jpg?fit=1920%2C2560&ssl=1","contentUrl":"https:\/\/i0.wp.com\/jida-cookies.com\/wp-content\/uploads\/2024\/06\/red-velvet-chocolat-au-lat-coeur-cream-cheese-scaled.jpg?fit=1920%2C2560&ssl=1","width":1920,"height":2560,"caption":"JIDA- cookies cookie cream cheese chocolat au lait"},{"@type":"BreadcrumbList","@id":"https:\/\/jida-cookies.com\/index.php\/produit\/cookies-cream-cheese-chocolat-au-lait-brest-livraison\/#breadcrumb","itemListElement":[{"@type":"ListItem","position":1,"name":"Accueil","item":"https:\/\/jida-cookies.com\/"},{"@type":"ListItem","position":2,"name":"Boutique","item":"https:\/\/jida-cookies.com\/index.php\/acheter-new-york-cookies-en-ligne-cookies-brest\/"},{"@type":"ListItem","position":3,"name":"Love Lovers"}]},{"@type":"WebSite","@id":"https:\/\/jida-cookies.com\/#website","url":"https:\/\/jida-cookies.com\/","name":"JIDA","description":"","publisher":{"@id":"https:\/\/jida-cookies.com\/#organization"},"potentialAction":[{"@type":"SearchAction","target":{"@type":"EntryPoint","urlTemplate":"https:\/\/jida-cookies.com\/?s={search_term_string}"},"query-input":{"@type":"PropertyValueSpecification","valueRequired":true,"valueName":"search_term_string"}}],"inLanguage":"en-US"},{"@type":"Organization","@id":"https:\/\/jida-cookies.com\/#organization","name":"JIDA","url":"https:\/\/jida-cookies.com\/","logo":{"@type":"ImageObject","inLanguage":"en-US","@id":"https:\/\/jida-cookies.com\/#\/schema\/logo\/image\/","url":"https:\/\/i0.wp.com\/jida-cookies.com\/wp-content\/uploads\/2024\/07\/cropped-Jida_principal-fond-fonce-111-png-248.png?fit=166%2C219&ssl=1","contentUrl":"https:\/\/i0.wp.com\/jida-cookies.com\/wp-content\/uploads\/2024\/07\/cropped-Jida_principal-fond-fonce-111-png-248.png?fit=166%2C219&ssl=1","width":166,"height":219,"caption":"JIDA"},"image":{"@id":"https:\/\/jida-cookies.com\/#\/schema\/logo\/image\/"},"sameAs":["https:\/\/www.facebook.com\/people\/Jida\/61562004391673\/","https:\/\/www.instagram.com\/jida_cookies_brest?igsh=cjB1eGFkM3hxZTR0"]}]}},"jetpack_sharing_enabled":true,"_links":{"self":[{"href":"https:\/\/jida-cookies.com\/index.php\/wp-json\/wp\/v2\/product\/1390","targetHints":{"allow":["GET"]}}],"collection":[{"href":"https:\/\/jida-cookies.com\/index.php\/wp-json\/wp\/v2\/product"}],"about":[{"href":"https:\/\/jida-cookies.com\/index.php\/wp-json\/wp\/v2\/types\/product"}],"replies":[{"embeddable":true,"href":"https:\/\/jida-cookies.com\/index.php\/wp-json\/wp\/v2\/comments?post=1390"}],"version-history":[{"count":2,"href":"https:\/\/jida-cookies.com\/index.php\/wp-json\/wp\/v2\/product\/1390\/revisions"}],"predecessor-version":[{"id":1687,"href":"https:\/\/jida-cookies.com\/index.php\/wp-json\/wp\/v2\/product\/1390\/revisions\/1687"}],"wp:featuredmedia":[{"embeddable":true,"href":"https:\/\/jida-cookies.com\/index.php\/wp-json\/wp\/v2\/media\/870"}],"wp:attachment":[{"href":"https:\/\/jida-cookies.com\/index.php\/wp-json\/wp\/v2\/media?parent=1390"}],"wp:term":[{"taxonomy":"product_brand","embeddable":true,"href":"https:\/\/jida-cookies.com\/index.php\/wp-json\/wp\/v2\/product_brand?post=1390"},{"taxonomy":"product_cat","embeddable":true,"href":"https:\/\/jida-cookies.com\/index.php\/wp-json\/wp\/v2\/product_cat?post=1390"},{"taxonomy":"product_tag","embeddable":true,"href":"https:\/\/jida-cookies.com\/index.php\/wp-json\/wp\/v2\/product_tag?post=1390"}],"curies":[{"name":"wp","href":"https:\/\/api.w.org\/{rel}","templated":true}]}}