{"id":946,"date":"2024-07-08T19:43:26","date_gmt":"2024-07-08T17:43:26","guid":{"rendered":"https:\/\/jida-cookies.com\/?page_id=946"},"modified":"2026-04-22T09:41:20","modified_gmt":"2026-04-22T07:41:20","slug":"mentions-legales","status":"publish","type":"page","link":"https:\/\/jida-cookies.com\/index.php\/mentions-legales\/","title":{"rendered":"Mentions L\u00e9gales"},"content":{"rendered":"\t\t<div data-elementor-type=\"wp-page\" data-elementor-id=\"946\" class=\"elementor elementor-946\">\n\t\t\t\t<div class=\"elementor-element elementor-element-7af608ce e-con-full e-flex e-con e-parent\" data-id=\"7af608ce\" data-element_type=\"container\">\n\t\t\t\t<div class=\"elementor-element elementor-element-2bbaef49 elementor-widget elementor-widget-text-editor\" data-id=\"2bbaef49\" data-element_type=\"widget\" data-widget_type=\"text-editor.default\">\n\t\t\t\t<div class=\"elementor-widget-container\">\n\t\t\t\t\t\t\t\t\t<h1>Mentions L\u00e9gales<\/h1><h2><strong>1. Informations G\u00e9n\u00e9rales<\/strong><\/h2><p><strong>Nom de la soci\u00e9t\u00e9 :\u00a0<\/strong>Jida<\/p><p><strong>Forme juridique :\u00a0<\/strong>Entreprise individuelle<\/p><p><strong style=\"font-size: 14px; text-align: var(--text-align);\">SIRET : <\/strong>93023042000018<\/p><p><strong>Directeur de la publication : <\/strong>Mme Larbi<\/p><p><strong>Responsable de la r\u00e9daction : <\/strong>Mme Larbi<\/p><h2><strong>2. Contact<\/strong><\/h2><p>Adresse de contact : jida-cookies@outlook.com<\/p><h2><strong>3. H\u00e9bergement<\/strong><\/h2><p><strong>H\u00e9bergeur du site : <\/strong>SAS OVH <a href=\"https:\/\/www.ovh.com\/\">https:\/\/www.ovh.com\/<\/a><\/p><p><strong>Adresse de l&#8217;h\u00e9bergeur :<\/strong><br \/>2 rue Kellerman, BP80157, 59100, Roubaix<\/p><h2><strong>4. Propri\u00e9t\u00e9 Intellectuelle<\/strong><\/h2><p>Le site jida-cookies.com et son contenu (textes, images, vid\u00e9os, logos, etc.) sont la propri\u00e9t\u00e9 exclusive de Jida ou des tiers ayant autoris\u00e9 Jida \u00e0 les utiliser. Toute reproduction, repr\u00e9sentation, modification, publication, transmission ou exploitation totale ou partielle de ce contenu est interdite sans l&#8217;autorisation pr\u00e9alable \u00e9crite de Jida.<\/p><h2><strong>5. Protection des Donn\u00e9es Personnelles<\/strong><\/h2><p>Conform\u00e9ment au R\u00e8glement G\u00e9n\u00e9ral sur la Protection des Donn\u00e9es (RGPD), Jida s&#8217;engage \u00e0 prot\u00e9ger vos donn\u00e9es personnelles. Les informations collect\u00e9es via notre site sont utilis\u00e9es uniquement pour la gestion de vos commandes et notre relation commerciale. Pour plus d&#8217;informations sur la gestion de vos donn\u00e9es personnelles, veuillez consulter notre [Politique de Confidentialit\u00e9] sur (https:\/\/jida-cookies.com\/index.php\/politique-de-confidentialite-de-jida\/).<\/p><h2><strong>6. Cookies<\/strong><\/h2><p>Le site jida-cookies.com utilise des cookies pour am\u00e9liorer l&#8217;exp\u00e9rience utilisateur, analyser le trafic et personnaliser le contenu. En poursuivant votre navigation sur le site, vous acceptez l&#8217;utilisation de cookies. Vous pouvez configurer votre navigateur pour refuser les cookies.<\/p><h2><strong>7. Responsabilit\u00e9<\/strong><\/h2><p>Jida s&#8217;efforce de garantir l&#8217;exactitude et la mise \u00e0 jour des informations diffus\u00e9es sur le site. Toutefois, Jida d\u00e9cline toute responsabilit\u00e9 en cas d&#8217;erreurs, d&#8217;inexactitudes ou d&#8217;omissions dans ces informations ainsi que pour des dommages r\u00e9sultant de l&#8217;utilisation de ces informations<\/p><h2><strong>8. Loi Applicable<\/strong><\/h2><p>Les pr\u00e9sentes mentions l\u00e9gales sont r\u00e9gies par le droit fran\u00e7ais. En cas de litige, les tribunaux comp\u00e9tents seront ceux du ressort du si\u00e8ge social de Jida.<\/p><h2><strong>9. Modifications des Mentions L\u00e9gales<\/strong><\/h2><p>Jida se r\u00e9serve le droit de modifier les pr\u00e9sentes mentions l\u00e9gales \u00e0 tout moment. Les modifications seront publi\u00e9es sur cette page et seront effectives d\u00e8s leur publication<\/p>\t\t\t\t\t\t\t\t<\/div>\n\t\t\t\t<\/div>\n\t\t<div class=\"elementor-element elementor-element-26fc894 e-con-full e-flex e-con e-child\" data-id=\"26fc894\" data-element_type=\"container\">\n\t\t\t\t<\/div>\n\t\t\t\t<\/div>\n\t\t\t\t<\/div>\n\t\t","protected":false},"excerpt":{"rendered":"<p>Mentions L\u00e9gales 1. Informations G\u00e9n\u00e9rales Nom de la soci\u00e9t\u00e9 :\u00a0Jida Forme juridique :\u00a0Entreprise individuelle SIRET : 93023042000018 Directeur de la publication : Mme Larbi Responsable de la r\u00e9daction : Mme Larbi 2. Contact Adresse de contact : jida-cookies@outlook.com 3. H\u00e9bergement H\u00e9bergeur du site : SAS OVH https:\/\/www.ovh.com\/ Adresse de l&#8217;h\u00e9bergeur :2 rue Kellerman, BP80157, 59100, [&hellip;]<\/p>\n","protected":false},"author":1,"featured_media":0,"parent":0,"menu_order":0,"comment_status":"closed","ping_status":"closed","template":"","meta":{"ocean_post_layout":"","ocean_both_sidebars_style":"","ocean_both_sidebars_content_width":0,"ocean_both_sidebars_sidebars_width":0,"ocean_sidebar":"","ocean_second_sidebar":"","ocean_disable_margins":"enable","ocean_add_body_class":"","ocean_shortcode_before_top_bar":"","ocean_shortcode_after_top_bar":"","ocean_shortcode_before_header":"","ocean_shortcode_after_header":"","ocean_has_shortcode":"","ocean_shortcode_after_title":"","ocean_shortcode_before_footer_widgets":"","ocean_shortcode_after_footer_widgets":"","ocean_shortcode_before_footer_bottom":"","ocean_shortcode_after_footer_bottom":"","ocean_display_top_bar":"default","ocean_display_header":"default","ocean_header_style":"","ocean_center_header_left_menu":"","ocean_custom_header_template":"","ocean_custom_logo":0,"ocean_custom_retina_logo":0,"ocean_custom_logo_max_width":0,"ocean_custom_logo_tablet_max_width":0,"ocean_custom_logo_mobile_max_width":0,"ocean_custom_logo_max_height":0,"ocean_custom_logo_tablet_max_height":0,"ocean_custom_logo_mobile_max_height":0,"ocean_header_custom_menu":"","ocean_menu_typo_font_family":"","ocean_menu_typo_font_subset":"","ocean_menu_typo_font_size":0,"ocean_menu_typo_font_size_tablet":0,"ocean_menu_typo_font_size_mobile":0,"ocean_menu_typo_font_size_unit":"px","ocean_menu_typo_font_weight":"","ocean_menu_typo_font_weight_tablet":"","ocean_menu_typo_font_weight_mobile":"","ocean_menu_typo_transform":"","ocean_menu_typo_transform_tablet":"","ocean_menu_typo_transform_mobile":"","ocean_menu_typo_line_height":0,"ocean_menu_typo_line_height_tablet":0,"ocean_menu_typo_line_height_mobile":0,"ocean_menu_typo_line_height_unit":"","ocean_menu_typo_spacing":0,"ocean_menu_typo_spacing_tablet":0,"ocean_menu_typo_spacing_mobile":0,"ocean_menu_typo_spacing_unit":"","ocean_menu_link_color":"","ocean_menu_link_color_hover":"","ocean_menu_link_color_active":"","ocean_menu_link_background":"","ocean_menu_link_hover_background":"","ocean_menu_link_active_background":"","ocean_menu_social_links_bg":"","ocean_menu_social_hover_links_bg":"","ocean_menu_social_links_color":"","ocean_menu_social_hover_links_color":"","ocean_disable_title":"default","ocean_disable_heading":"default","ocean_post_title":"","ocean_post_subheading":"","ocean_post_title_style":"","ocean_post_title_background_color":"","ocean_post_title_background":0,"ocean_post_title_bg_image_position":"","ocean_post_title_bg_image_attachment":"","ocean_post_title_bg_image_repeat":"","ocean_post_title_bg_image_size":"","ocean_post_title_height":0,"ocean_post_title_bg_overlay":0.5,"ocean_post_title_bg_overlay_color":"","ocean_disable_breadcrumbs":"default","ocean_breadcrumbs_color":"","ocean_breadcrumbs_separator_color":"","ocean_breadcrumbs_links_color":"","ocean_breadcrumbs_links_hover_color":"","ocean_display_footer_widgets":"default","ocean_display_footer_bottom":"default","ocean_custom_footer_template":"","footnotes":""},"class_list":["post-946","page","type-page","status-publish","hentry","entry","owp-thumbs-layout-horizontal","owp-btn-big","owp-tabs-layout-horizontal","has-no-thumbnails","has-product-nav"],"yoast_head":"<!-- This site is optimized with the Yoast SEO plugin v26.5 - https:\/\/yoast.com\/wordpress\/plugins\/seo\/ -->\n<title>Mentions L\u00e9gales - Jida Cookies | Cookies Artisanaux \u00e0 Brest<\/title>\n<meta name=\"description\" content=\"D\u00e9couvrez les mentions l\u00e9gales de Jida Cookies, votre boutique de cookies artisanaux \u00e0 Brest. Informez-vous sur les aspects juridiques.\" \/>\n<meta name=\"robots\" content=\"index, follow, max-snippet:-1, max-image-preview:large, max-video-preview:-1\" \/>\n<link rel=\"canonical\" href=\"https:\/\/jida-cookies.com\/index.php\/mentions-legales\/\" \/>\n<meta property=\"og:locale\" content=\"en_US\" \/>\n<meta property=\"og:type\" content=\"article\" \/>\n<meta property=\"og:title\" content=\"Mentions L\u00e9gales - Jida Cookies | Cookies Artisanaux \u00e0 Brest\" \/>\n<meta property=\"og:description\" content=\"D\u00e9couvrez les mentions l\u00e9gales de Jida Cookies, votre boutique de cookies artisanaux \u00e0 Brest. Informez-vous sur les aspects juridiques.\" \/>\n<meta property=\"og:url\" content=\"https:\/\/jida-cookies.com\/index.php\/mentions-legales\/\" \/>\n<meta property=\"og:site_name\" content=\"JIDA\" \/>\n<meta property=\"article:publisher\" content=\"https:\/\/www.facebook.com\/people\/Jida\/61562004391673\/\" \/>\n<meta property=\"article:modified_time\" content=\"2026-04-22T07:41:20+00:00\" \/>\n<meta name=\"twitter:card\" content=\"summary_large_image\" \/>\n<meta name=\"twitter:label1\" content=\"Est. reading time\" \/>\n\t<meta name=\"twitter:data1\" content=\"2 minutes\" \/>\n<script type=\"application\/ld+json\" class=\"yoast-schema-graph\">{\"@context\":\"https:\/\/schema.org\",\"@graph\":[{\"@type\":\"WebPage\",\"@id\":\"https:\/\/jida-cookies.com\/index.php\/mentions-legales\/\",\"url\":\"https:\/\/jida-cookies.com\/index.php\/mentions-legales\/\",\"name\":\"Mentions L\u00e9gales - Jida Cookies | Cookies Artisanaux \u00e0 Brest\",\"isPartOf\":{\"@id\":\"https:\/\/jida-cookies.com\/#website\"},\"datePublished\":\"2024-07-08T17:43:26+00:00\",\"dateModified\":\"2026-04-22T07:41:20+00:00\",\"description\":\"D\u00e9couvrez les mentions l\u00e9gales de Jida Cookies, votre boutique de cookies artisanaux \u00e0 Brest. Informez-vous sur les aspects juridiques.\",\"breadcrumb\":{\"@id\":\"https:\/\/jida-cookies.com\/index.php\/mentions-legales\/#breadcrumb\"},\"inLanguage\":\"en-US\",\"potentialAction\":[{\"@type\":\"ReadAction\",\"target\":[\"https:\/\/jida-cookies.com\/index.php\/mentions-legales\/\"]}]},{\"@type\":\"BreadcrumbList\",\"@id\":\"https:\/\/jida-cookies.com\/index.php\/mentions-legales\/#breadcrumb\",\"itemListElement\":[{\"@type\":\"ListItem\",\"position\":1,\"name\":\"Accueil\",\"item\":\"https:\/\/jida-cookies.com\/\"},{\"@type\":\"ListItem\",\"position\":2,\"name\":\"Mentions L\u00e9gales\"}]},{\"@type\":\"WebSite\",\"@id\":\"https:\/\/jida-cookies.com\/#website\",\"url\":\"https:\/\/jida-cookies.com\/\",\"name\":\"JIDA\",\"description\":\"\",\"publisher\":{\"@id\":\"https:\/\/jida-cookies.com\/#organization\"},\"potentialAction\":[{\"@type\":\"SearchAction\",\"target\":{\"@type\":\"EntryPoint\",\"urlTemplate\":\"https:\/\/jida-cookies.com\/?s={search_term_string}\"},\"query-input\":{\"@type\":\"PropertyValueSpecification\",\"valueRequired\":true,\"valueName\":\"search_term_string\"}}],\"inLanguage\":\"en-US\"},{\"@type\":\"Organization\",\"@id\":\"https:\/\/jida-cookies.com\/#organization\",\"name\":\"JIDA\",\"url\":\"https:\/\/jida-cookies.com\/\",\"logo\":{\"@type\":\"ImageObject\",\"inLanguage\":\"en-US\",\"@id\":\"https:\/\/jida-cookies.com\/#\/schema\/logo\/image\/\",\"url\":\"https:\/\/i0.wp.com\/jida-cookies.com\/wp-content\/uploads\/2024\/07\/cropped-Jida_principal-fond-fonce-111-png-248.png?fit=166%2C219&ssl=1\",\"contentUrl\":\"https:\/\/i0.wp.com\/jida-cookies.com\/wp-content\/uploads\/2024\/07\/cropped-Jida_principal-fond-fonce-111-png-248.png?fit=166%2C219&ssl=1\",\"width\":166,\"height\":219,\"caption\":\"JIDA\"},\"image\":{\"@id\":\"https:\/\/jida-cookies.com\/#\/schema\/logo\/image\/\"},\"sameAs\":[\"https:\/\/www.facebook.com\/people\/Jida\/61562004391673\/\",\"https:\/\/www.instagram.com\/jida_cookies_brest?igsh=cjB1eGFkM3hxZTR0\"]}]}<\/script>\n<!-- \/ Yoast SEO plugin. -->","yoast_head_json":{"title":"Mentions L\u00e9gales - Jida Cookies | Cookies Artisanaux \u00e0 Brest","description":"D\u00e9couvrez les mentions l\u00e9gales de Jida Cookies, votre boutique de cookies artisanaux \u00e0 Brest. Informez-vous sur les aspects juridiques.","robots":{"index":"index","follow":"follow","max-snippet":"max-snippet:-1","max-image-preview":"max-image-preview:large","max-video-preview":"max-video-preview:-1"},"canonical":"https:\/\/jida-cookies.com\/index.php\/mentions-legales\/","og_locale":"en_US","og_type":"article","og_title":"Mentions L\u00e9gales - Jida Cookies | Cookies Artisanaux \u00e0 Brest","og_description":"D\u00e9couvrez les mentions l\u00e9gales de Jida Cookies, votre boutique de cookies artisanaux \u00e0 Brest. Informez-vous sur les aspects juridiques.","og_url":"https:\/\/jida-cookies.com\/index.php\/mentions-legales\/","og_site_name":"JIDA","article_publisher":"https:\/\/www.facebook.com\/people\/Jida\/61562004391673\/","article_modified_time":"2026-04-22T07:41:20+00:00","twitter_card":"summary_large_image","twitter_misc":{"Est. reading time":"2 minutes"},"schema":{"@context":"https:\/\/schema.org","@graph":[{"@type":"WebPage","@id":"https:\/\/jida-cookies.com\/index.php\/mentions-legales\/","url":"https:\/\/jida-cookies.com\/index.php\/mentions-legales\/","name":"Mentions L\u00e9gales - Jida Cookies | Cookies Artisanaux \u00e0 Brest","isPartOf":{"@id":"https:\/\/jida-cookies.com\/#website"},"datePublished":"2024-07-08T17:43:26+00:00","dateModified":"2026-04-22T07:41:20+00:00","description":"D\u00e9couvrez les mentions l\u00e9gales de Jida Cookies, votre boutique de cookies artisanaux \u00e0 Brest. Informez-vous sur les aspects juridiques.","breadcrumb":{"@id":"https:\/\/jida-cookies.com\/index.php\/mentions-legales\/#breadcrumb"},"inLanguage":"en-US","potentialAction":[{"@type":"ReadAction","target":["https:\/\/jida-cookies.com\/index.php\/mentions-legales\/"]}]},{"@type":"BreadcrumbList","@id":"https:\/\/jida-cookies.com\/index.php\/mentions-legales\/#breadcrumb","itemListElement":[{"@type":"ListItem","position":1,"name":"Accueil","item":"https:\/\/jida-cookies.com\/"},{"@type":"ListItem","position":2,"name":"Mentions L\u00e9gales"}]},{"@type":"WebSite","@id":"https:\/\/jida-cookies.com\/#website","url":"https:\/\/jida-cookies.com\/","name":"JIDA","description":"","publisher":{"@id":"https:\/\/jida-cookies.com\/#organization"},"potentialAction":[{"@type":"SearchAction","target":{"@type":"EntryPoint","urlTemplate":"https:\/\/jida-cookies.com\/?s={search_term_string}"},"query-input":{"@type":"PropertyValueSpecification","valueRequired":true,"valueName":"search_term_string"}}],"inLanguage":"en-US"},{"@type":"Organization","@id":"https:\/\/jida-cookies.com\/#organization","name":"JIDA","url":"https:\/\/jida-cookies.com\/","logo":{"@type":"ImageObject","inLanguage":"en-US","@id":"https:\/\/jida-cookies.com\/#\/schema\/logo\/image\/","url":"https:\/\/i0.wp.com\/jida-cookies.com\/wp-content\/uploads\/2024\/07\/cropped-Jida_principal-fond-fonce-111-png-248.png?fit=166%2C219&ssl=1","contentUrl":"https:\/\/i0.wp.com\/jida-cookies.com\/wp-content\/uploads\/2024\/07\/cropped-Jida_principal-fond-fonce-111-png-248.png?fit=166%2C219&ssl=1","width":166,"height":219,"caption":"JIDA"},"image":{"@id":"https:\/\/jida-cookies.com\/#\/schema\/logo\/image\/"},"sameAs":["https:\/\/www.facebook.com\/people\/Jida\/61562004391673\/","https:\/\/www.instagram.com\/jida_cookies_brest?igsh=cjB1eGFkM3hxZTR0"]}]}},"jetpack_sharing_enabled":true,"_links":{"self":[{"href":"https:\/\/jida-cookies.com\/index.php\/wp-json\/wp\/v2\/pages\/946","targetHints":{"allow":["GET"]}}],"collection":[{"href":"https:\/\/jida-cookies.com\/index.php\/wp-json\/wp\/v2\/pages"}],"about":[{"href":"https:\/\/jida-cookies.com\/index.php\/wp-json\/wp\/v2\/types\/page"}],"author":[{"embeddable":true,"href":"https:\/\/jida-cookies.com\/index.php\/wp-json\/wp\/v2\/users\/1"}],"replies":[{"embeddable":true,"href":"https:\/\/jida-cookies.com\/index.php\/wp-json\/wp\/v2\/comments?post=946"}],"version-history":[{"count":22,"href":"https:\/\/jida-cookies.com\/index.php\/wp-json\/wp\/v2\/pages\/946\/revisions"}],"predecessor-version":[{"id":1875,"href":"https:\/\/jida-cookies.com\/index.php\/wp-json\/wp\/v2\/pages\/946\/revisions\/1875"}],"wp:attachment":[{"href":"https:\/\/jida-cookies.com\/index.php\/wp-json\/wp\/v2\/media?parent=946"}],"curies":[{"name":"wp","href":"https:\/\/api.w.org\/{rel}","templated":true}]}}